{"id":2578,"date":"2024-11-13T01:52:44","date_gmt":"2024-11-13T01:52:44","guid":{"rendered":"http:\/\/cantroltec.com\/?page_id=2578"},"modified":"2024-11-13T22:49:41","modified_gmt":"2024-11-13T22:49:41","slug":"acros-refrigeradores-2578","status":"publish","type":"page","link":"https:\/\/cantroltec.com\/?page_id=2578","title":{"rendered":"ACROS REFRIGERADORES  #2578"},"content":{"rendered":"\t\t<div data-elementor-type=\"wp-page\" data-elementor-id=\"2578\" class=\"elementor elementor-2578\" data-elementor-settings=\"[]\">\n\t\t\t\t\t\t<div class=\"elementor-inner\">\n\t\t\t\t\t\t\t<div class=\"elementor-section-wrap\">\n\t\t\t\t\t\t\t<section class=\"elementor-section elementor-top-section elementor-element elementor-element-34cefcf elementor-section-boxed elementor-section-height-default elementor-section-height-default\" data-id=\"34cefcf\" data-element_type=\"section\">\n\t\t\t\t\t\t<div class=\"elementor-container elementor-column-gap-default\">\n\t\t\t\t\t\t\t<div class=\"elementor-row\">\n\t\t\t\t\t<div class=\"elementor-column elementor-col-100 elementor-top-column elementor-element elementor-element-7b396340\" data-id=\"7b396340\" data-element_type=\"column\">\n\t\t\t<div class=\"elementor-column-wrap elementor-element-populated\">\n\t\t\t\t\t\t\t<div class=\"elementor-widget-wrap\">\n\t\t\t\t\t\t<div class=\"elementor-element elementor-element-441263ac elementor-widget elementor-widget-image\" data-id=\"441263ac\" data-element_type=\"widget\" data-widget_type=\"image.default\">\n\t\t\t\t<div class=\"elementor-widget-container\">\n\t\t\t\t\t<div class=\"elementor-image\">\n\t\t\t\t\t\t\t\t\t\t<img width=\"900\" height=\"500\" src=\"https:\/\/cantroltec.com\/wp-content\/uploads\/2024\/11\/ACROS-LOGO-1.png\" class=\"attachment-large size-large\" alt=\"\" loading=\"lazy\" srcset=\"https:\/\/cantroltec.com\/wp-content\/uploads\/2024\/11\/ACROS-LOGO-1.png 900w, https:\/\/cantroltec.com\/wp-content\/uploads\/2024\/11\/ACROS-LOGO-1-300x167.png 300w, https:\/\/cantroltec.com\/wp-content\/uploads\/2024\/11\/ACROS-LOGO-1-768x427.png 768w\" sizes=\"(max-width: 900px) 100vw, 900px\" \/>\t\t\t\t\t\t\t\t\t\t\t<\/div>\n\t\t\t\t<\/div>\n\t\t\t\t<\/div>\n\t\t\t\t<div class=\"elementor-element elementor-element-30893479 elementor-widget elementor-widget-spacer\" data-id=\"30893479\" data-element_type=\"widget\" data-widget_type=\"spacer.default\">\n\t\t\t\t<div class=\"elementor-widget-container\">\n\t\t\t\t\t<div class=\"elementor-spacer\">\n\t\t\t<div class=\"elementor-spacer-inner\"><\/div>\n\t\t<\/div>\n\t\t\t\t<\/div>\n\t\t\t\t<\/div>\n\t\t\t\t\t\t<\/div>\n\t\t\t\t\t<\/div>\n\t\t<\/div>\n\t\t\t\t\t\t\t\t<\/div>\n\t\t\t\t\t<\/div>\n\t\t<\/section>\n\t\t\t\t<section class=\"elementor-section elementor-top-section elementor-element elementor-element-23786f30 elementor-section-boxed elementor-section-height-default elementor-section-height-default\" data-id=\"23786f30\" data-element_type=\"section\">\n\t\t\t\t\t\t<div class=\"elementor-container elementor-column-gap-default\">\n\t\t\t\t\t\t\t<div class=\"elementor-row\">\n\t\t\t\t\t<div class=\"elementor-column elementor-col-33 elementor-top-column elementor-element elementor-element-7225086e\" data-id=\"7225086e\" data-element_type=\"column\">\n\t\t\t<div class=\"elementor-column-wrap elementor-element-populated\">\n\t\t\t\t\t\t\t<div class=\"elementor-widget-wrap\">\n\t\t\t\t\t\t<div class=\"elementor-element elementor-element-150c6a13 elementor-widget elementor-widget-heading\" data-id=\"150c6a13\" data-element_type=\"widget\" data-widget_type=\"heading.default\">\n\t\t\t\t<div class=\"elementor-widget-container\">\n\t\t\t<h2 class=\"elementor-heading-title elementor-size-large\">Refrigerador 13 pies ACROS Silver AT-1330-D<\/h2>\t\t<\/div>\n\t\t\t\t<\/div>\n\t\t\t\t<div class=\"elementor-element elementor-element-53ed03dc elementor-widget elementor-widget-divider\" data-id=\"53ed03dc\" data-element_type=\"widget\" data-widget_type=\"divider.default\">\n\t\t\t\t<div class=\"elementor-widget-container\">\n\t\t\t\t\t<div class=\"elementor-divider\">\n\t\t\t<span class=\"elementor-divider-separator\">\n\t\t\t\t\t\t<\/span>\n\t\t<\/div>\n\t\t\t\t<\/div>\n\t\t\t\t<\/div>\n\t\t\t\t<div class=\"elementor-element elementor-element-4416c72a elementor-invisible elementor-widget elementor-widget-text-editor\" data-id=\"4416c72a\" data-element_type=\"widget\" data-settings=\"{&quot;_animation&quot;:&quot;none&quot;}\" data-widget_type=\"text-editor.default\">\n\t\t\t\t<div class=\"elementor-widget-container\">\n\t\t\t\t\t<div class=\"elementor-text-editor elementor-clearfix\"><p><strong>caracter\u00edsticas<\/strong><\/p><ul><li><strong>Exclusivo Decorado<\/strong><\/li><li><strong>Control Electr\u00f3nico<\/strong><\/li><li><strong>2 Parrillas de Cristal templado antiderrame<\/strong><\/li><li><strong>Iluminaci\u00f3n LED<\/strong><\/li><li><strong>Dimensiones (AxALTxP): <\/strong>61&#215;168.4&#215;70.7<\/li><li><strong>Peso: <\/strong>65 kg<\/li><\/ul><\/div>\n\t\t\t\t<\/div>\n\t\t\t\t<\/div>\n\t\t\t\t<div class=\"elementor-element elementor-element-124f1be1 elementor-widget elementor-widget-divider\" data-id=\"124f1be1\" data-element_type=\"widget\" data-widget_type=\"divider.default\">\n\t\t\t\t<div class=\"elementor-widget-container\">\n\t\t\t\t\t<div class=\"elementor-divider\">\n\t\t\t<span class=\"elementor-divider-separator\">\n\t\t\t\t\t\t<\/span>\n\t\t<\/div>\n\t\t\t\t<\/div>\n\t\t\t\t<\/div>\n\t\t\t\t<div class=\"elementor-element elementor-element-58c120e4 elementor-widget elementor-widget-text-editor\" data-id=\"58c120e4\" data-element_type=\"widget\" data-widget_type=\"text-editor.default\">\n\t\t\t\t<div class=\"elementor-widget-container\">\n\t\t\t\t\t<div class=\"elementor-text-editor elementor-clearfix\"><p><strong>descripci\u00f3n<\/strong><\/p><ul><li>REFRIGERADOR ACROS MOD. AT1330D 13P3 SILVER NUEVO Refrigerador de dos puertas 13 p\u00b3 en color Platino con exclusivo Decorado que combina con cualquier estilo de cocina. Tus alimentos se mantendr\u00e1n siempre frescos y al alcance de tu mano; con su amplio espacio interior y la flexibilidad de sus parrillas y anaqueles. Acros Inspirado en ti. Sistema de deshielo y enfriamiento autom\u00e1tico. Inspirado en los practicos los Refrigeraores Acros\u00ae cuentan con sistema de Deshielo y Enfriamiento Autom\u00e1tico, 2 Parrillas de Cristal templado antiderrame, Inspirado en los ordenados las Parrillas ajustables de Cistal templado de los refrigeradores Acros\u00ae son muy f\u00e1ciles de mover dand\u00f3te el espacio \u00f3ptimo para enfriar todos tus alimentos, Iluminaci\u00f3n LED: Con la iluminaci\u00f3n LED en el interior de los Refrigeradores Acros\u00ae podr\u00e1s encontrar y siempre tener a la mano todos tus alimentos y bebidas.<\/li><\/ul><\/div>\n\t\t\t\t<\/div>\n\t\t\t\t<\/div>\n\t\t\t\t\t\t<\/div>\n\t\t\t\t\t<\/div>\n\t\t<\/div>\n\t\t\t\t<div class=\"elementor-column elementor-col-33 elementor-top-column elementor-element elementor-element-5472c03f\" data-id=\"5472c03f\" data-element_type=\"column\">\n\t\t\t<div class=\"elementor-column-wrap elementor-element-populated\">\n\t\t\t\t\t\t\t<div class=\"elementor-widget-wrap\">\n\t\t\t\t\t\t<div class=\"elementor-element elementor-element-127215c1 elementor-widget elementor-widget-image\" data-id=\"127215c1\" data-element_type=\"widget\" data-widget_type=\"image.default\">\n\t\t\t\t<div class=\"elementor-widget-container\">\n\t\t\t\t\t<div class=\"elementor-image\">\n\t\t\t\t\t\t\t\t\t\t<img width=\"313\" height=\"654\" src=\"https:\/\/cantroltec.com\/wp-content\/uploads\/2024\/11\/1-34.png\" class=\"attachment-large size-large\" alt=\"\" loading=\"lazy\" srcset=\"https:\/\/cantroltec.com\/wp-content\/uploads\/2024\/11\/1-34.png 313w, https:\/\/cantroltec.com\/wp-content\/uploads\/2024\/11\/1-34-144x300.png 144w\" sizes=\"(max-width: 313px) 100vw, 313px\" \/>\t\t\t\t\t\t\t\t\t\t\t<\/div>\n\t\t\t\t<\/div>\n\t\t\t\t<\/div>\n\t\t\t\t<div class=\"elementor-element elementor-element-671723fa elementor-arrows-position-inside elementor-pagination-position-outside elementor-widget elementor-widget-image-carousel\" data-id=\"671723fa\" data-element_type=\"widget\" data-settings=\"{&quot;navigation&quot;:&quot;both&quot;,&quot;autoplay&quot;:&quot;yes&quot;,&quot;pause_on_hover&quot;:&quot;yes&quot;,&quot;pause_on_interaction&quot;:&quot;yes&quot;,&quot;autoplay_speed&quot;:5000,&quot;infinite&quot;:&quot;yes&quot;,&quot;speed&quot;:500}\" data-widget_type=\"image-carousel.default\">\n\t\t\t\t<div class=\"elementor-widget-container\">\n\t\t\t\t\t<div class=\"elementor-image-carousel-wrapper swiper-container\" dir=\"ltr\">\n\t\t\t<div class=\"elementor-image-carousel swiper-wrapper swiper-image-stretch\">\n\t\t\t\t<div class=\"swiper-slide\"><a data-elementor-open-lightbox=\"yes\" data-elementor-lightbox-slideshow=\"671723fa\" data-elementor-lightbox-title=\"2\" href=\"https:\/\/cantroltec.com\/wp-content\/uploads\/2024\/11\/2-17.png\"><figure class=\"swiper-slide-inner\"><img class=\"swiper-slide-image\" src=\"https:\/\/cantroltec.com\/wp-content\/uploads\/2024\/11\/2-17-150x150.png\" alt=\"2\" \/><\/figure><\/a><\/div><div class=\"swiper-slide\"><a data-elementor-open-lightbox=\"yes\" data-elementor-lightbox-slideshow=\"671723fa\" data-elementor-lightbox-title=\"3\" href=\"https:\/\/cantroltec.com\/wp-content\/uploads\/2024\/11\/3-17.png\"><figure class=\"swiper-slide-inner\"><img class=\"swiper-slide-image\" src=\"https:\/\/cantroltec.com\/wp-content\/uploads\/2024\/11\/3-17-150x150.png\" alt=\"3\" \/><\/figure><\/a><\/div><div class=\"swiper-slide\"><a data-elementor-open-lightbox=\"yes\" data-elementor-lightbox-slideshow=\"671723fa\" data-elementor-lightbox-title=\"4\" href=\"https:\/\/cantroltec.com\/wp-content\/uploads\/2024\/11\/4-15.png\"><figure class=\"swiper-slide-inner\"><img class=\"swiper-slide-image\" src=\"https:\/\/cantroltec.com\/wp-content\/uploads\/2024\/11\/4-15-150x150.png\" alt=\"4\" \/><\/figure><\/a><\/div><div class=\"swiper-slide\"><a data-elementor-open-lightbox=\"yes\" data-elementor-lightbox-slideshow=\"671723fa\" data-elementor-lightbox-title=\"5\" href=\"https:\/\/cantroltec.com\/wp-content\/uploads\/2024\/11\/5-14.png\"><figure class=\"swiper-slide-inner\"><img class=\"swiper-slide-image\" src=\"https:\/\/cantroltec.com\/wp-content\/uploads\/2024\/11\/5-14-150x150.png\" alt=\"5\" \/><\/figure><\/a><\/div><div class=\"swiper-slide\"><a data-elementor-open-lightbox=\"yes\" data-elementor-lightbox-slideshow=\"671723fa\" data-elementor-lightbox-title=\"6\" href=\"https:\/\/cantroltec.com\/wp-content\/uploads\/2024\/11\/6-8.png\"><figure class=\"swiper-slide-inner\"><img class=\"swiper-slide-image\" src=\"https:\/\/cantroltec.com\/wp-content\/uploads\/2024\/11\/6-8-150x150.png\" alt=\"6\" \/><\/figure><\/a><\/div><div class=\"swiper-slide\"><a data-elementor-open-lightbox=\"yes\" data-elementor-lightbox-slideshow=\"671723fa\" data-elementor-lightbox-title=\"1\" href=\"https:\/\/cantroltec.com\/wp-content\/uploads\/2024\/11\/1-35.png\"><figure class=\"swiper-slide-inner\"><img class=\"swiper-slide-image\" src=\"https:\/\/cantroltec.com\/wp-content\/uploads\/2024\/11\/1-35-150x150.png\" alt=\"1\" \/><\/figure><\/a><\/div>\t\t\t<\/div>\n\t\t\t\t\t\t\t\t\t\t\t\t<div class=\"swiper-pagination\"><\/div>\n\t\t\t\t\t\t\t\t\t\t\t\t\t<div class=\"elementor-swiper-button elementor-swiper-button-prev\">\n\t\t\t\t\t\t<i class=\"eicon-chevron-left\" aria-hidden=\"true\"><\/i>\n\t\t\t\t\t\t<span class=\"elementor-screen-only\">Anterior<\/span>\n\t\t\t\t\t<\/div>\n\t\t\t\t\t<div class=\"elementor-swiper-button elementor-swiper-button-next\">\n\t\t\t\t\t\t<i class=\"eicon-chevron-right\" aria-hidden=\"true\"><\/i>\n\t\t\t\t\t\t<span class=\"elementor-screen-only\">Siguiente<\/span>\n\t\t\t\t\t<\/div>\n\t\t\t\t\t\t\t\t\t<\/div>\n\t\t\t\t<\/div>\n\t\t\t\t<\/div>\n\t\t\t\t<div class=\"elementor-element elementor-element-44275b22 elementor-widget elementor-widget-spacer\" data-id=\"44275b22\" data-element_type=\"widget\" data-widget_type=\"spacer.default\">\n\t\t\t\t<div class=\"elementor-widget-container\">\n\t\t\t\t\t<div class=\"elementor-spacer\">\n\t\t\t<div class=\"elementor-spacer-inner\"><\/div>\n\t\t<\/div>\n\t\t\t\t<\/div>\n\t\t\t\t<\/div>\n\t\t\t\t\t\t<\/div>\n\t\t\t\t\t<\/div>\n\t\t<\/div>\n\t\t\t\t<div class=\"elementor-column elementor-col-33 elementor-top-column elementor-element elementor-element-52ace1e7\" data-id=\"52ace1e7\" data-element_type=\"column\">\n\t\t\t<div class=\"elementor-column-wrap elementor-element-populated\">\n\t\t\t\t\t\t\t<div class=\"elementor-widget-wrap\">\n\t\t\t\t\t\t<div class=\"elementor-element elementor-element-132d72e3 elementor-widget elementor-widget-heading\" data-id=\"132d72e3\" data-element_type=\"widget\" data-widget_type=\"heading.default\">\n\t\t\t\t<div class=\"elementor-widget-container\">\n\t\t\t<h2 class=\"elementor-heading-title elementor-size-default\">$14,999<\/h2>\t\t<\/div>\n\t\t\t\t<\/div>\n\t\t\t\t<div class=\"elementor-element elementor-element-7ddc8bb9 elementor-widget elementor-widget-heading\" data-id=\"7ddc8bb9\" data-element_type=\"widget\" data-widget_type=\"heading.default\">\n\t\t\t\t<div class=\"elementor-widget-container\">\n\t\t\t<h2 class=\"elementor-heading-title elementor-size-small\">Precio de contado<\/h2>\t\t<\/div>\n\t\t\t\t<\/div>\n\t\t\t\t<div class=\"elementor-element elementor-element-2f1ac467 elementor-widget elementor-widget-heading\" data-id=\"2f1ac467\" data-element_type=\"widget\" data-widget_type=\"heading.default\">\n\t\t\t\t<div class=\"elementor-widget-container\">\n\t\t\t<h2 class=\"elementor-heading-title elementor-size-medium\">Cr\u00e9dito<\/h2>\t\t<\/div>\n\t\t\t\t<\/div>\n\t\t\t\t<div class=\"elementor-element elementor-element-2fb60bf3 elementor-widget elementor-widget-heading\" data-id=\"2fb60bf3\" data-element_type=\"widget\" data-widget_type=\"heading.default\">\n\t\t\t\t<div class=\"elementor-widget-container\">\n\t\t\t<h2 class=\"elementor-heading-title elementor-size-small\">48 pagos semanales de  $384  pesos<\/h2>\t\t<\/div>\n\t\t\t\t<\/div>\n\t\t\t\t<div class=\"elementor-element elementor-element-a79116 elementor-widget elementor-widget-divider\" data-id=\"a79116\" data-element_type=\"widget\" data-widget_type=\"divider.default\">\n\t\t\t\t<div class=\"elementor-widget-container\">\n\t\t\t\t\t<div class=\"elementor-divider\">\n\t\t\t<span class=\"elementor-divider-separator\">\n\t\t\t\t\t\t<\/span>\n\t\t<\/div>\n\t\t\t\t<\/div>\n\t\t\t\t<\/div>\n\t\t\t\t<div class=\"elementor-element elementor-element-7d5b6529 elementor-widget elementor-widget-heading\" data-id=\"7d5b6529\" data-element_type=\"widget\" data-widget_type=\"heading.default\">\n\t\t\t\t<div class=\"elementor-widget-container\">\n\t\t\t<h2 class=\"elementor-heading-title elementor-size-medium\">Exclusivo con TC Banamex \/ BBVA<\/h2>\t\t<\/div>\n\t\t\t\t<\/div>\n\t\t\t\t<div class=\"elementor-element elementor-element-7f410393 elementor-widget elementor-widget-heading\" data-id=\"7f410393\" data-element_type=\"widget\" data-widget_type=\"heading.default\">\n\t\t\t\t<div class=\"elementor-widget-container\">\n\t\t\t<h2 class=\"elementor-heading-title elementor-size-default\">$13,999<\/h2>\t\t<\/div>\n\t\t\t\t<\/div>\n\t\t\t\t<div class=\"elementor-element elementor-element-6897df99 elementor-widget elementor-widget-divider\" data-id=\"6897df99\" data-element_type=\"widget\" data-widget_type=\"divider.default\">\n\t\t\t\t<div class=\"elementor-widget-container\">\n\t\t\t\t\t<div class=\"elementor-divider\">\n\t\t\t<span class=\"elementor-divider-separator\">\n\t\t\t\t\t\t<\/span>\n\t\t<\/div>\n\t\t\t\t<\/div>\n\t\t\t\t<\/div>\n\t\t\t\t<div class=\"elementor-element elementor-element-6336b6d4 elementor-align-center elementor-widget elementor-widget-button\" data-id=\"6336b6d4\" data-element_type=\"widget\" data-widget_type=\"button.default\">\n\t\t\t\t<div class=\"elementor-widget-container\">\n\t\t\t\t\t<div class=\"elementor-button-wrapper\">\n\t\t\t<a href=\"https:\/\/cantroltec.com\/?page_id=921\" class=\"elementor-button-link elementor-button elementor-size-sm\" role=\"button\">\n\t\t\t\t\t\t<span class=\"elementor-button-content-wrapper\">\n\t\t\t\t\t\t<span class=\"elementor-button-text\">Empieza tu tramite<\/span>\n\t\t<\/span>\n\t\t\t\t\t<\/a>\n\t\t<\/div>\n\t\t\t\t<\/div>\n\t\t\t\t<\/div>\n\t\t\t\t<div class=\"elementor-element elementor-element-1fa0e3a elementor-shape-rounded elementor-grid-0 elementor-invisible elementor-widget elementor-widget-social-icons\" data-id=\"1fa0e3a\" data-element_type=\"widget\" data-settings=\"{&quot;_animation&quot;:&quot;none&quot;}\" data-widget_type=\"social-icons.default\">\n\t\t\t\t<div class=\"elementor-widget-container\">\n\t\t\t\t\t<div class=\"elementor-social-icons-wrapper elementor-grid\">\n\t\t\t\t\t\t\t<div class=\"elementor-grid-item\">\n\t\t\t\t\t<a class=\"elementor-icon elementor-social-icon elementor-social-icon-facebook elementor-animation-shrink elementor-repeater-item-cd893b9\" href=\"https:\/\/www.facebook.com\/cantroltec\" target=\"_blank\">\n\t\t\t\t\t\t<span class=\"elementor-screen-only\">Facebook<\/span>\n\t\t\t\t\t\t<i class=\"fab fa-facebook\"><\/i>\t\t\t\t\t<\/a>\n\t\t\t\t<\/div>\n\t\t\t\t\t\t\t<div class=\"elementor-grid-item\">\n\t\t\t\t\t<a class=\"elementor-icon elementor-social-icon elementor-social-icon-whatsapp elementor-animation-shrink elementor-repeater-item-0caa489\" href=\"https:\/\/api.whatsapp.com\/message\/2TP3IICQQWPVF1?autoload=1&#038;app_absent=0\" target=\"_blank\">\n\t\t\t\t\t\t<span class=\"elementor-screen-only\">Whatsapp<\/span>\n\t\t\t\t\t\t<i class=\"fab fa-whatsapp\"><\/i>\t\t\t\t\t<\/a>\n\t\t\t\t<\/div>\n\t\t\t\t\t<\/div>\n\t\t\t\t<\/div>\n\t\t\t\t<\/div>\n\t\t\t\t<div class=\"elementor-element elementor-element-3a4e397 elementor-widget elementor-widget-spacer\" data-id=\"3a4e397\" data-element_type=\"widget\" data-widget_type=\"spacer.default\">\n\t\t\t\t<div class=\"elementor-widget-container\">\n\t\t\t\t\t<div class=\"elementor-spacer\">\n\t\t\t<div class=\"elementor-spacer-inner\"><\/div>\n\t\t<\/div>\n\t\t\t\t<\/div>\n\t\t\t\t<\/div>\n\t\t\t\t\t\t<\/div>\n\t\t\t\t\t<\/div>\n\t\t<\/div>\n\t\t\t\t\t\t\t\t<\/div>\n\t\t\t\t\t<\/div>\n\t\t<\/section>\n\t\t\t\t\t\t<\/div>\n\t\t\t\t\t\t<\/div>\n\t\t\t\t\t<\/div>\n\t\t","protected":false},"excerpt":{"rendered":"<p>Refrigerador 13 pies ACROS Silver AT-1330-D caracter\u00edsticas Exclusivo Decorado Control Electr\u00f3nico 2 Parrillas de Cristal templado antiderrame Iluminaci\u00f3n LED Dimensiones (AxALTxP): 61&#215;168.4&#215;70.7 Peso: 65 kg descripci\u00f3n REFRIGERADOR ACROS MOD. AT1330D 13P3 SILVER NUEVO Refrigerador de dos puertas 13 p\u00b3 en color Platino con exclusivo Decorado que combina con cualquier estilo de cocina. Tus alimentos se &hellip;<\/p>\n<p class=\"read-more\"> <a class=\"\" href=\"https:\/\/cantroltec.com\/?page_id=2578\"> <span class=\"screen-reader-text\">ACROS REFRIGERADORES  #2578<\/span> Leer m\u00e1s &raquo;<\/a><\/p>\n","protected":false},"author":4,"featured_media":0,"parent":0,"menu_order":0,"comment_status":"closed","ping_status":"closed","template":"","meta":[],"_links":{"self":[{"href":"https:\/\/cantroltec.com\/index.php?rest_route=\/wp\/v2\/pages\/2578"}],"collection":[{"href":"https:\/\/cantroltec.com\/index.php?rest_route=\/wp\/v2\/pages"}],"about":[{"href":"https:\/\/cantroltec.com\/index.php?rest_route=\/wp\/v2\/types\/page"}],"author":[{"embeddable":true,"href":"https:\/\/cantroltec.com\/index.php?rest_route=\/wp\/v2\/users\/4"}],"replies":[{"embeddable":true,"href":"https:\/\/cantroltec.com\/index.php?rest_route=%2Fwp%2Fv2%2Fcomments&post=2578"}],"version-history":[{"count":5,"href":"https:\/\/cantroltec.com\/index.php?rest_route=\/wp\/v2\/pages\/2578\/revisions"}],"predecessor-version":[{"id":2648,"href":"https:\/\/cantroltec.com\/index.php?rest_route=\/wp\/v2\/pages\/2578\/revisions\/2648"}],"wp:attachment":[{"href":"https:\/\/cantroltec.com\/index.php?rest_route=%2Fwp%2Fv2%2Fmedia&parent=2578"}],"curies":[{"name":"wp","href":"https:\/\/api.w.org\/{rel}","templated":true}]}}