{"id":2253,"date":"2024-11-06T01:59:40","date_gmt":"2024-11-06T01:59:40","guid":{"rendered":"http:\/\/cantroltec.com\/?page_id=2253"},"modified":"2024-11-13T22:46:27","modified_gmt":"2024-11-13T22:46:27","slug":"elementor-2253","status":"publish","type":"page","link":"https:\/\/cantroltec.com\/?page_id=2253","title":{"rendered":"Elementor #2253"},"content":{"rendered":"\t\t<div data-elementor-type=\"wp-page\" data-elementor-id=\"2253\" class=\"elementor elementor-2253\" data-elementor-settings=\"[]\">\n\t\t\t\t\t\t<div class=\"elementor-inner\">\n\t\t\t\t\t\t\t<div class=\"elementor-section-wrap\">\n\t\t\t\t\t\t\t<section class=\"elementor-section elementor-top-section elementor-element elementor-element-74cd39f3 elementor-section-boxed elementor-section-height-default elementor-section-height-default\" data-id=\"74cd39f3\" data-element_type=\"section\">\n\t\t\t\t\t\t<div class=\"elementor-container elementor-column-gap-default\">\n\t\t\t\t\t\t\t<div class=\"elementor-row\">\n\t\t\t\t\t<div class=\"elementor-column elementor-col-100 elementor-top-column elementor-element elementor-element-7dec8224\" data-id=\"7dec8224\" data-element_type=\"column\">\n\t\t\t<div class=\"elementor-column-wrap elementor-element-populated\">\n\t\t\t\t\t\t\t<div class=\"elementor-widget-wrap\">\n\t\t\t\t\t\t<div class=\"elementor-element elementor-element-77890a4c elementor-widget elementor-widget-image\" data-id=\"77890a4c\" data-element_type=\"widget\" data-widget_type=\"image.default\">\n\t\t\t\t<div class=\"elementor-widget-container\">\n\t\t\t\t\t<div class=\"elementor-image\">\n\t\t\t\t\t\t\t\t\t\t<img width=\"1024\" height=\"552\" src=\"https:\/\/cantroltec.com\/wp-content\/uploads\/2024\/11\/Hisense-logo-1-1-1024x552.jpg\" class=\"attachment-large size-large\" alt=\"\" loading=\"lazy\" srcset=\"https:\/\/cantroltec.com\/wp-content\/uploads\/2024\/11\/Hisense-logo-1-1-1024x552.jpg 1024w, https:\/\/cantroltec.com\/wp-content\/uploads\/2024\/11\/Hisense-logo-1-1-300x162.jpg 300w, https:\/\/cantroltec.com\/wp-content\/uploads\/2024\/11\/Hisense-logo-1-1-768x414.jpg 768w, https:\/\/cantroltec.com\/wp-content\/uploads\/2024\/11\/Hisense-logo-1-1-1536x827.jpg 1536w, https:\/\/cantroltec.com\/wp-content\/uploads\/2024\/11\/Hisense-logo-1-1-2048x1103.jpg 2048w\" sizes=\"(max-width: 1024px) 100vw, 1024px\" \/>\t\t\t\t\t\t\t\t\t\t\t<\/div>\n\t\t\t\t<\/div>\n\t\t\t\t<\/div>\n\t\t\t\t<div class=\"elementor-element elementor-element-42544580 elementor-widget elementor-widget-spacer\" data-id=\"42544580\" data-element_type=\"widget\" data-widget_type=\"spacer.default\">\n\t\t\t\t<div class=\"elementor-widget-container\">\n\t\t\t\t\t<div class=\"elementor-spacer\">\n\t\t\t<div class=\"elementor-spacer-inner\"><\/div>\n\t\t<\/div>\n\t\t\t\t<\/div>\n\t\t\t\t<\/div>\n\t\t\t\t\t\t<\/div>\n\t\t\t\t\t<\/div>\n\t\t<\/div>\n\t\t\t\t\t\t\t\t<\/div>\n\t\t\t\t\t<\/div>\n\t\t<\/section>\n\t\t\t\t<section class=\"elementor-section elementor-top-section elementor-element elementor-element-23e4e556 elementor-section-boxed elementor-section-height-default elementor-section-height-default\" data-id=\"23e4e556\" data-element_type=\"section\">\n\t\t\t\t\t\t<div class=\"elementor-container elementor-column-gap-default\">\n\t\t\t\t\t\t\t<div class=\"elementor-row\">\n\t\t\t\t\t<div class=\"elementor-column elementor-col-33 elementor-top-column elementor-element elementor-element-592f7255\" data-id=\"592f7255\" data-element_type=\"column\">\n\t\t\t<div class=\"elementor-column-wrap elementor-element-populated\">\n\t\t\t\t\t\t\t<div class=\"elementor-widget-wrap\">\n\t\t\t\t\t\t<div class=\"elementor-element elementor-element-ec65432 elementor-widget elementor-widget-heading\" data-id=\"ec65432\" data-element_type=\"widget\" data-widget_type=\"heading.default\">\n\t\t\t\t<div class=\"elementor-widget-container\">\n\t\t\t<h2 class=\"elementor-heading-title elementor-size-large\">Refrigerador Hisense dos Puertas 9 Pies Top Mount con Despachador RT90N6WKX Silver<\/h2>\t\t<\/div>\n\t\t\t\t<\/div>\n\t\t\t\t<div class=\"elementor-element elementor-element-5f06f08e elementor-widget elementor-widget-divider\" data-id=\"5f06f08e\" data-element_type=\"widget\" data-widget_type=\"divider.default\">\n\t\t\t\t<div class=\"elementor-widget-container\">\n\t\t\t\t\t<div class=\"elementor-divider\">\n\t\t\t<span class=\"elementor-divider-separator\">\n\t\t\t\t\t\t<\/span>\n\t\t<\/div>\n\t\t\t\t<\/div>\n\t\t\t\t<\/div>\n\t\t\t\t<div class=\"elementor-element elementor-element-48bfdc99 elementor-invisible elementor-widget elementor-widget-text-editor\" data-id=\"48bfdc99\" data-element_type=\"widget\" data-settings=\"{&quot;_animation&quot;:&quot;none&quot;}\" data-widget_type=\"text-editor.default\">\n\t\t\t\t<div class=\"elementor-widget-container\">\n\t\t\t\t\t<div class=\"elementor-text-editor elementor-clearfix\"><p><strong>caracter\u00edsticas<\/strong><\/p><ul><li><strong>No frost<\/strong><\/li><li><strong>Sistema Multi Air Flow<\/strong><\/li><li><strong>Dispensador de agua<\/strong><\/li><li><strong>Dimensiones (Alt x A x F)<\/strong>: 167 x 56 x 55<\/li><li><strong>Peso<\/strong>: 47 kg<\/li><\/ul><\/div>\n\t\t\t\t<\/div>\n\t\t\t\t<\/div>\n\t\t\t\t<div class=\"elementor-element elementor-element-630b7392 elementor-widget elementor-widget-divider\" data-id=\"630b7392\" data-element_type=\"widget\" data-widget_type=\"divider.default\">\n\t\t\t\t<div class=\"elementor-widget-container\">\n\t\t\t\t\t<div class=\"elementor-divider\">\n\t\t\t<span class=\"elementor-divider-separator\">\n\t\t\t\t\t\t<\/span>\n\t\t<\/div>\n\t\t\t\t<\/div>\n\t\t\t\t<\/div>\n\t\t\t\t<div class=\"elementor-element elementor-element-3d6fd728 elementor-widget elementor-widget-text-editor\" data-id=\"3d6fd728\" data-element_type=\"widget\" data-widget_type=\"text-editor.default\">\n\t\t\t\t<div class=\"elementor-widget-container\">\n\t\t\t\t\t<div class=\"elementor-text-editor elementor-clearfix\"><p><strong>descripci\u00f3n<\/strong><\/p><p>Refrigerador de dos puertas y de 248 lts., 8.7 pies de capacidad en color silver. Dise\u00f1o elegante con las manijas ocultas. Sistema de enfriamiento multi air flow con 4 salidas que mantienen la temperatura ideal, dispensador de agua de f\u00e1cil acceso integrado a la puerta te dar\u00e1 agua fr\u00eda cada que lo desees. Iluminaci\u00f3n led y control de temperatura. Caj\u00f3n legumbrera que conserva por m\u00e1s tiempo el nivel \u00f3ptimo de sus frutas y verduras.<\/p><\/div>\n\t\t\t\t<\/div>\n\t\t\t\t<\/div>\n\t\t\t\t\t\t<\/div>\n\t\t\t\t\t<\/div>\n\t\t<\/div>\n\t\t\t\t<div class=\"elementor-column elementor-col-33 elementor-top-column elementor-element elementor-element-2e052dc5\" data-id=\"2e052dc5\" data-element_type=\"column\">\n\t\t\t<div class=\"elementor-column-wrap elementor-element-populated\">\n\t\t\t\t\t\t\t<div class=\"elementor-widget-wrap\">\n\t\t\t\t\t\t<div class=\"elementor-element elementor-element-4867ceff elementor-widget elementor-widget-image\" data-id=\"4867ceff\" data-element_type=\"widget\" data-widget_type=\"image.default\">\n\t\t\t\t<div class=\"elementor-widget-container\">\n\t\t\t\t\t<div class=\"elementor-image\">\n\t\t\t\t\t\t\t\t\t\t<img width=\"230\" height=\"572\" src=\"https:\/\/cantroltec.com\/wp-content\/uploads\/2024\/11\/1-8.png\" class=\"attachment-large size-large\" alt=\"\" loading=\"lazy\" srcset=\"https:\/\/cantroltec.com\/wp-content\/uploads\/2024\/11\/1-8.png 230w, https:\/\/cantroltec.com\/wp-content\/uploads\/2024\/11\/1-8-121x300.png 121w\" sizes=\"(max-width: 230px) 100vw, 230px\" \/>\t\t\t\t\t\t\t\t\t\t\t<\/div>\n\t\t\t\t<\/div>\n\t\t\t\t<\/div>\n\t\t\t\t<div class=\"elementor-element elementor-element-4b1a7928 elementor-arrows-position-inside elementor-pagination-position-outside elementor-widget elementor-widget-image-carousel\" data-id=\"4b1a7928\" data-element_type=\"widget\" data-settings=\"{&quot;navigation&quot;:&quot;both&quot;,&quot;autoplay&quot;:&quot;yes&quot;,&quot;pause_on_hover&quot;:&quot;yes&quot;,&quot;pause_on_interaction&quot;:&quot;yes&quot;,&quot;autoplay_speed&quot;:5000,&quot;infinite&quot;:&quot;yes&quot;,&quot;speed&quot;:500}\" data-widget_type=\"image-carousel.default\">\n\t\t\t\t<div class=\"elementor-widget-container\">\n\t\t\t\t\t<div class=\"elementor-image-carousel-wrapper swiper-container\" dir=\"ltr\">\n\t\t\t<div class=\"elementor-image-carousel swiper-wrapper swiper-image-stretch\">\n\t\t\t\t<div class=\"swiper-slide\"><a data-elementor-open-lightbox=\"yes\" data-elementor-lightbox-slideshow=\"4b1a7928\" data-elementor-lightbox-title=\"3\" href=\"https:\/\/cantroltec.com\/wp-content\/uploads\/2024\/11\/3-4.png\"><figure class=\"swiper-slide-inner\"><img class=\"swiper-slide-image\" src=\"https:\/\/cantroltec.com\/wp-content\/uploads\/2024\/11\/3-4-150x150.png\" alt=\"3\" \/><\/figure><\/a><\/div><div class=\"swiper-slide\"><a data-elementor-open-lightbox=\"yes\" data-elementor-lightbox-slideshow=\"4b1a7928\" data-elementor-lightbox-title=\"2\" href=\"https:\/\/cantroltec.com\/wp-content\/uploads\/2024\/11\/2-5.png\"><figure class=\"swiper-slide-inner\"><img class=\"swiper-slide-image\" src=\"https:\/\/cantroltec.com\/wp-content\/uploads\/2024\/11\/2-5-150x150.png\" alt=\"2\" \/><\/figure><\/a><\/div><div class=\"swiper-slide\"><a data-elementor-open-lightbox=\"yes\" data-elementor-lightbox-slideshow=\"4b1a7928\" data-elementor-lightbox-title=\"1\" href=\"https:\/\/cantroltec.com\/wp-content\/uploads\/2024\/11\/1-9.png\"><figure class=\"swiper-slide-inner\"><img class=\"swiper-slide-image\" src=\"https:\/\/cantroltec.com\/wp-content\/uploads\/2024\/11\/1-9-150x150.png\" alt=\"1\" \/><\/figure><\/a><\/div>\t\t\t<\/div>\n\t\t\t\t\t\t\t\t\t\t\t\t<div class=\"swiper-pagination\"><\/div>\n\t\t\t\t\t\t\t\t\t\t\t\t\t<div class=\"elementor-swiper-button elementor-swiper-button-prev\">\n\t\t\t\t\t\t<i class=\"eicon-chevron-left\" aria-hidden=\"true\"><\/i>\n\t\t\t\t\t\t<span class=\"elementor-screen-only\">Anterior<\/span>\n\t\t\t\t\t<\/div>\n\t\t\t\t\t<div class=\"elementor-swiper-button elementor-swiper-button-next\">\n\t\t\t\t\t\t<i class=\"eicon-chevron-right\" aria-hidden=\"true\"><\/i>\n\t\t\t\t\t\t<span class=\"elementor-screen-only\">Siguiente<\/span>\n\t\t\t\t\t<\/div>\n\t\t\t\t\t\t\t\t\t<\/div>\n\t\t\t\t<\/div>\n\t\t\t\t<\/div>\n\t\t\t\t<div class=\"elementor-element elementor-element-1852b4fd elementor-widget elementor-widget-spacer\" data-id=\"1852b4fd\" data-element_type=\"widget\" data-widget_type=\"spacer.default\">\n\t\t\t\t<div class=\"elementor-widget-container\">\n\t\t\t\t\t<div class=\"elementor-spacer\">\n\t\t\t<div class=\"elementor-spacer-inner\"><\/div>\n\t\t<\/div>\n\t\t\t\t<\/div>\n\t\t\t\t<\/div>\n\t\t\t\t\t\t<\/div>\n\t\t\t\t\t<\/div>\n\t\t<\/div>\n\t\t\t\t<div class=\"elementor-column elementor-col-33 elementor-top-column elementor-element elementor-element-582dcd66\" data-id=\"582dcd66\" data-element_type=\"column\">\n\t\t\t<div class=\"elementor-column-wrap elementor-element-populated\">\n\t\t\t\t\t\t\t<div class=\"elementor-widget-wrap\">\n\t\t\t\t\t\t<div class=\"elementor-element elementor-element-417babe5 elementor-widget elementor-widget-heading\" data-id=\"417babe5\" data-element_type=\"widget\" data-widget_type=\"heading.default\">\n\t\t\t\t<div class=\"elementor-widget-container\">\n\t\t\t<h2 class=\"elementor-heading-title elementor-size-default\">$11,688<\/h2>\t\t<\/div>\n\t\t\t\t<\/div>\n\t\t\t\t<div class=\"elementor-element elementor-element-6cfbdf91 elementor-widget elementor-widget-heading\" data-id=\"6cfbdf91\" data-element_type=\"widget\" data-widget_type=\"heading.default\">\n\t\t\t\t<div class=\"elementor-widget-container\">\n\t\t\t<h2 class=\"elementor-heading-title elementor-size-small\">Precio de contado<\/h2>\t\t<\/div>\n\t\t\t\t<\/div>\n\t\t\t\t<div class=\"elementor-element elementor-element-331fcdb9 elementor-widget elementor-widget-heading\" data-id=\"331fcdb9\" data-element_type=\"widget\" data-widget_type=\"heading.default\">\n\t\t\t\t<div class=\"elementor-widget-container\">\n\t\t\t<h2 class=\"elementor-heading-title elementor-size-medium\">Cr\u00e9dito<\/h2>\t\t<\/div>\n\t\t\t\t<\/div>\n\t\t\t\t<div class=\"elementor-element elementor-element-3ecbbbfc elementor-widget elementor-widget-heading\" data-id=\"3ecbbbfc\" data-element_type=\"widget\" data-widget_type=\"heading.default\">\n\t\t\t\t<div class=\"elementor-widget-container\">\n\t\t\t<h2 class=\"elementor-heading-title elementor-size-small\">48 pagos semanales de  $325 pesos<\/h2>\t\t<\/div>\n\t\t\t\t<\/div>\n\t\t\t\t<div class=\"elementor-element elementor-element-6effd2e5 elementor-widget elementor-widget-divider\" data-id=\"6effd2e5\" data-element_type=\"widget\" data-widget_type=\"divider.default\">\n\t\t\t\t<div class=\"elementor-widget-container\">\n\t\t\t\t\t<div class=\"elementor-divider\">\n\t\t\t<span class=\"elementor-divider-separator\">\n\t\t\t\t\t\t<\/span>\n\t\t<\/div>\n\t\t\t\t<\/div>\n\t\t\t\t<\/div>\n\t\t\t\t<div class=\"elementor-element elementor-element-79538ede elementor-widget elementor-widget-heading\" data-id=\"79538ede\" data-element_type=\"widget\" data-widget_type=\"heading.default\">\n\t\t\t\t<div class=\"elementor-widget-container\">\n\t\t\t<h2 class=\"elementor-heading-title elementor-size-medium\">Exclusivo con TC Banamex \/ BBVA<\/h2>\t\t<\/div>\n\t\t\t\t<\/div>\n\t\t\t\t<div class=\"elementor-element elementor-element-dccd052 elementor-widget elementor-widget-heading\" data-id=\"dccd052\" data-element_type=\"widget\" data-widget_type=\"heading.default\">\n\t\t\t\t<div class=\"elementor-widget-container\">\n\t\t\t<h2 class=\"elementor-heading-title elementor-size-default\">$10,688<\/h2>\t\t<\/div>\n\t\t\t\t<\/div>\n\t\t\t\t<div class=\"elementor-element elementor-element-7c4e1d65 elementor-widget elementor-widget-divider\" data-id=\"7c4e1d65\" data-element_type=\"widget\" data-widget_type=\"divider.default\">\n\t\t\t\t<div class=\"elementor-widget-container\">\n\t\t\t\t\t<div class=\"elementor-divider\">\n\t\t\t<span class=\"elementor-divider-separator\">\n\t\t\t\t\t\t<\/span>\n\t\t<\/div>\n\t\t\t\t<\/div>\n\t\t\t\t<\/div>\n\t\t\t\t<div class=\"elementor-element elementor-element-57605344 elementor-align-center elementor-widget elementor-widget-button\" data-id=\"57605344\" data-element_type=\"widget\" data-widget_type=\"button.default\">\n\t\t\t\t<div class=\"elementor-widget-container\">\n\t\t\t\t\t<div class=\"elementor-button-wrapper\">\n\t\t\t<a href=\"https:\/\/cantroltec.com\/?page_id=921\" class=\"elementor-button-link elementor-button elementor-size-sm\" role=\"button\">\n\t\t\t\t\t\t<span class=\"elementor-button-content-wrapper\">\n\t\t\t\t\t\t<span class=\"elementor-button-text\">Empieza tu tramite<\/span>\n\t\t<\/span>\n\t\t\t\t\t<\/a>\n\t\t<\/div>\n\t\t\t\t<\/div>\n\t\t\t\t<\/div>\n\t\t\t\t<div class=\"elementor-element elementor-element-37f2134 elementor-shape-rounded elementor-grid-0 elementor-invisible elementor-widget elementor-widget-social-icons\" data-id=\"37f2134\" data-element_type=\"widget\" data-settings=\"{&quot;_animation&quot;:&quot;none&quot;}\" data-widget_type=\"social-icons.default\">\n\t\t\t\t<div class=\"elementor-widget-container\">\n\t\t\t\t\t<div class=\"elementor-social-icons-wrapper elementor-grid\">\n\t\t\t\t\t\t\t<div class=\"elementor-grid-item\">\n\t\t\t\t\t<a class=\"elementor-icon elementor-social-icon elementor-social-icon-facebook elementor-animation-shrink elementor-repeater-item-cd893b9\" href=\"https:\/\/www.facebook.com\/cantroltec\" target=\"_blank\">\n\t\t\t\t\t\t<span class=\"elementor-screen-only\">Facebook<\/span>\n\t\t\t\t\t\t<i class=\"fab fa-facebook\"><\/i>\t\t\t\t\t<\/a>\n\t\t\t\t<\/div>\n\t\t\t\t\t\t\t<div class=\"elementor-grid-item\">\n\t\t\t\t\t<a class=\"elementor-icon elementor-social-icon elementor-social-icon-whatsapp elementor-animation-shrink elementor-repeater-item-0caa489\" href=\"https:\/\/api.whatsapp.com\/message\/2TP3IICQQWPVF1?autoload=1&#038;app_absent=0\" target=\"_blank\">\n\t\t\t\t\t\t<span class=\"elementor-screen-only\">Whatsapp<\/span>\n\t\t\t\t\t\t<i class=\"fab fa-whatsapp\"><\/i>\t\t\t\t\t<\/a>\n\t\t\t\t<\/div>\n\t\t\t\t\t<\/div>\n\t\t\t\t<\/div>\n\t\t\t\t<\/div>\n\t\t\t\t<div class=\"elementor-element elementor-element-bdb8324 elementor-widget elementor-widget-spacer\" data-id=\"bdb8324\" data-element_type=\"widget\" data-widget_type=\"spacer.default\">\n\t\t\t\t<div class=\"elementor-widget-container\">\n\t\t\t\t\t<div class=\"elementor-spacer\">\n\t\t\t<div class=\"elementor-spacer-inner\"><\/div>\n\t\t<\/div>\n\t\t\t\t<\/div>\n\t\t\t\t<\/div>\n\t\t\t\t\t\t<\/div>\n\t\t\t\t\t<\/div>\n\t\t<\/div>\n\t\t\t\t\t\t\t\t<\/div>\n\t\t\t\t\t<\/div>\n\t\t<\/section>\n\t\t\t\t\t\t<\/div>\n\t\t\t\t\t\t<\/div>\n\t\t\t\t\t<\/div>\n\t\t","protected":false},"excerpt":{"rendered":"<p>Refrigerador Hisense dos Puertas 9 Pies Top Mount con Despachador RT90N6WKX Silver caracter\u00edsticas No frost Sistema Multi Air Flow Dispensador de agua Dimensiones (Alt x A x F): 167 x 56 x 55 Peso: 47 kg descripci\u00f3n Refrigerador de dos puertas y de 248 lts., 8.7 pies de capacidad en color silver. Dise\u00f1o elegante con &hellip;<\/p>\n<p class=\"read-more\"> <a class=\"\" href=\"https:\/\/cantroltec.com\/?page_id=2253\"> <span class=\"screen-reader-text\">Elementor #2253<\/span> Leer m\u00e1s &raquo;<\/a><\/p>\n","protected":false},"author":4,"featured_media":0,"parent":0,"menu_order":0,"comment_status":"closed","ping_status":"closed","template":"","meta":[],"_links":{"self":[{"href":"https:\/\/cantroltec.com\/index.php?rest_route=\/wp\/v2\/pages\/2253"}],"collection":[{"href":"https:\/\/cantroltec.com\/index.php?rest_route=\/wp\/v2\/pages"}],"about":[{"href":"https:\/\/cantroltec.com\/index.php?rest_route=\/wp\/v2\/types\/page"}],"author":[{"embeddable":true,"href":"https:\/\/cantroltec.com\/index.php?rest_route=\/wp\/v2\/users\/4"}],"replies":[{"embeddable":true,"href":"https:\/\/cantroltec.com\/index.php?rest_route=%2Fwp%2Fv2%2Fcomments&post=2253"}],"version-history":[{"count":6,"href":"https:\/\/cantroltec.com\/index.php?rest_route=\/wp\/v2\/pages\/2253\/revisions"}],"predecessor-version":[{"id":2646,"href":"https:\/\/cantroltec.com\/index.php?rest_route=\/wp\/v2\/pages\/2253\/revisions\/2646"}],"wp:attachment":[{"href":"https:\/\/cantroltec.com\/index.php?rest_route=%2Fwp%2Fv2%2Fmedia&parent=2253"}],"curies":[{"name":"wp","href":"https:\/\/api.w.org\/{rel}","templated":true}]}}